{"id":99,"date":"2013-10-01T07:32:00","date_gmt":"2013-10-01T06:32:00","guid":{"rendered":"http:\/\/villarrobledo.gestagua.es\/?page_id=99"},"modified":"2015-07-31T12:06:27","modified_gmt":"2015-07-31T11:06:27","slug":"tramites-e-impresos","status":"publish","type":"page","link":"https:\/\/fuengirola.gestagua.es\/index.php\/tramites-e-impresos\/","title":{"rendered":"Tr\u00e1mites e Impresos"},"content":{"rendered":"<p>Aqu\u00ed podr\u00e1 encontrar informaci\u00f3n sobre\u00a0los\u00a0procedimientos para la Contrataci\u00f3n de Suministro de agua<\/p>\n<ul>\n<li class=\"lista1\">Procedimiento para la contrataci\u00f3n de usos generales, <a title=\"Contrataci\u00f3n de Uso General\" href=\"http:\/\/fuengirola.gestagua.es\/wp-content\/uploads\/2014\/12\/Documentacion-Contratacion-Suministro-de-Agua.pdf\" target=\"_blank\">pulse aqu\u00ed<\/a>.<\/li>\n<li class=\"lista1\">Procedimiento para la contrataci\u00f3n de uso obra, <a title=\"Contrataci\u00f3n Uso Obras\" href=\"http:\/\/fuengirola.gestagua.es\/wp-content\/uploads\/2014\/12\/Documentacion-Contratacion-de-Suministro-de-Agua-de-Obra.pdf\" target=\"_blank\">pulse aqu\u00ed<\/a>.<\/li>\n<\/ul>\n","protected":false},"excerpt":{"rendered":"<p>Aqu\u00ed podr\u00e1 encontrar informaci\u00f3n sobre\u00a0los\u00a0procedimientos para la Contrataci\u00f3n de Suministro de agua Procedimiento para la contrataci\u00f3n de usos generales, pulse aqu\u00ed. Procedimiento para la contrataci\u00f3n de uso obra, pulse aqu\u00ed.<\/p>\n","protected":false},"author":2,"featured_media":0,"parent":0,"menu_order":0,"comment_status":"closed","ping_status":"closed","template":"","meta":[],"_links":{"self":[{"href":"https:\/\/fuengirola.gestagua.es\/index.php\/wp-json\/wp\/v2\/pages\/99"}],"collection":[{"href":"https:\/\/fuengirola.gestagua.es\/index.php\/wp-json\/wp\/v2\/pages"}],"about":[{"href":"https:\/\/fuengirola.gestagua.es\/index.php\/wp-json\/wp\/v2\/types\/page"}],"author":[{"embeddable":true,"href":"https:\/\/fuengirola.gestagua.es\/index.php\/wp-json\/wp\/v2\/users\/2"}],"replies":[{"embeddable":true,"href":"https:\/\/fuengirola.gestagua.es\/index.php\/wp-json\/wp\/v2\/comments?post=99"}],"version-history":[{"count":20,"href":"https:\/\/fuengirola.gestagua.es\/index.php\/wp-json\/wp\/v2\/pages\/99\/revisions"}],"predecessor-version":[{"id":725,"href":"https:\/\/fuengirola.gestagua.es\/index.php\/wp-json\/wp\/v2\/pages\/99\/revisions\/725"}],"wp:attachment":[{"href":"https:\/\/fuengirola.gestagua.es\/index.php\/wp-json\/wp\/v2\/media?parent=99"}],"curies":[{"name":"wp","href":"https:\/\/api.w.org\/{rel}","templated":true}]}}