{"id":75,"date":"2013-09-30T16:28:50","date_gmt":"2013-09-30T16:28:50","guid":{"rendered":"http:\/\/villarrobledo.gestagua.es\/?page_id=75"},"modified":"2014-10-14T18:21:41","modified_gmt":"2014-10-14T17:21:41","slug":"control-de-proceso","status":"publish","type":"page","link":"https:\/\/fuengirola.gestagua.es\/index.php\/control-de-proceso\/","title":{"rendered":"Control de Proceso"},"content":{"rendered":"<h3>AUTOMATISMOS Y CONTROLES<\/h3>\n<div class=\"theme-three-fourth\">\n<p style=\"text-align: justify;\">El Servicio de Abastecimiento de Agua de Fuengirola cuenta con trece estaciones remotas de \u00faltima generaci\u00f3n para el control y autonom\u00eda de las infraestructuras del servicio, con las cuales se consigue automatizar las instalaciones, procesar alarmas, disponer de registros e hist\u00f3ricos de toda la informaci\u00f3n relativa al abastecimiento.<\/p>\n<p style=\"text-align: justify;\">Estas estaciones remotas, se encuentran localizadas en las principales infraestructuras del sistema de abastecimiento, Miramar, Ben\u00edtez, El Toro, Torreblanca, Dep\u00f3sitos Molina, Rozuela, Torreblanca A, Torreblanca B, Cantabria, Pacosol, Pozoblanco y Elevaciones Federico Garc\u00eda Lorca y Pacosol. Toda la informaci\u00f3n generada se centraliza en un puesto central (SCADA), el cual permite la administraci\u00f3n y almacenamiento de los datos generados.<\/p>\n<\/div>\n<div class=\"theme-one-fourth theme-column-last\">\n<a href=\"http:\/\/fuengirola.gestagua.es\/wp-content\/uploads\/2013\/09\/Control-de-Proceso.png\"><img class=\"wp-image-893 alignright\" src=\"http:\/\/fuengirola.gestagua.es\/wp-content\/uploads\/2013\/09\/Control-de-Proceso-296x300.png\" alt=\"Control de Proceso\" width=\"163\" height=\"165\" \/><\/a><br \/>\n<\/div><div class=\"clear\"><\/div>\n<h3>MANTENIMIENTO PREVENTIVO DE REDES<\/h3>\n<p style=\"text-align: justify;\">La red de abastecimiento de agua potable de Fuengirola est\u00e1 compuesta por arterias, conducciones viarias y l\u00edneas de impulsi\u00f3n, tiene una longitud de ciento sesenta y ocho kil\u00f3metros con trescientos sesenta y tres metros lineales, en di\u00e1metros comprendidos entre 100 y 600 mm, y materiales diversos, tales como, Fundici\u00f3n D\u00factil, Polietileno, PVC, Acero y Fibrocemento, este \u00faltimo con tendencia a desaparecer, est\u00e1 dividida en diez sectores perfectamente definidos, que permiten atender las tareas propias de manera \u00e1gil y ordenada.<\/p>\n<p style=\"text-align: justify;\">El aspecto m\u00e1s relevante en cuanto al mantenimiento es la detecci\u00f3n de fugas, para lo cual Gestagua dispone de los medios m\u00e1s sofisticados y de personal cualificado para el manejo de \u00e9stos equipos. Destacamos la utilizaci\u00f3n de prelocalizadores ac\u00fasticos aut\u00f3nomos que se distribuyen peri\u00f3dicamente por toda la red de abastecimiento, siendo los encargados de alertar sobre cualquier escape o anomal\u00eda que se produzca en la red. De otra parte disponemos de equipos de correlaci\u00f3n ac\u00fastica, que nos permiten acortar el lugar de la incidencia, pasando finalmente a precisar con total exactitud el lugar concreto con la utilizaci\u00f3n de los ge\u00f3fonos.<\/p>\n<h3>CONTROL DE CONSUMOS DOM\u00c9STICOS<\/h3>\n<p style=\"text-align: justify;\">El control de consumos dom\u00e9sticos se realizan generalmente a trav\u00e9s de la metodolog\u00eda habitual con contador \u201cclase C o B\u201d registrando los usos individuales o divisionario, colectivos y municipales, disponiendo alternativamente de equipos dotados de sistema de \u201cradio lectura\u201d para instalaciones singulares. As\u00ed mismo y de manera experimental para grandes consumidores de la localidad (hoteles, centro comercial, urbanizaci\u00f3n privada) disponemos de, equipos encargados de registrar cada quince minutos los caudales y consumos de las instalaciones, de manera que pueda desarrollarse las condiciones del suministro con horarios de consumo, incidencia y cualquier detalle realizado con los mismos.<\/p>\n<p style=\"text-align: justify;\">Actualmente estamos desarrollando la instalaci\u00f3n de elementos de control mediante telelectura y en este sentido, la indicaci\u00f3n establecida en el C\u00f3digo T\u00e9cnico de la Edificaci\u00f3n aprobado por el <a title=\"C\u00f3digo T\u00e9cnico de Edificaci\u00f3n\" href=\"http:\/\/www.boe.es\/diario_boe\/txt.php?id=BOE-A-2006-5515\" target=\"_blank\">Real Decreto 314\/2006 de 17 de marzo<\/a>, concretamente referido al punto 2 del apartado 3.2.1.2.7 de la secci\u00f3n HS-4 Suministro de agua la que dice \u201cContar\u00e1n con pre-instalaci\u00f3n adecuada para una conexi\u00f3n de env\u00edo de se\u00f1ales para lectura a distancia del contador.<\/p>\n<p style=\"text-align: justify;\">Esta obligaci\u00f3n conlleva de una parte una exigencia para nuevas edificaciones y para el servicio el compromiso de implantar las nuevas tecnolog\u00edas en ese sentido, lo que redundar\u00e1 en una mayor y mejor control de los suministros para los usuarios con la consiguiente eficacia y ahorro. Es compromiso de Gestagua hacer valer el desarrollo de nuevas tecnolog\u00edas que potencien el autocontrol de las instalaciones particulares en general.<\/p>\n","protected":false},"excerpt":{"rendered":"<p>AUTOMATISMOS Y CONTROLES MANTENIMIENTO PREVENTIVO DE REDES La red de abastecimiento de agua potable de Fuengirola est\u00e1 compuesta por arterias, conducciones viarias y l\u00edneas de impulsi\u00f3n, tiene una longitud de ciento sesenta y ocho kil\u00f3metros con trescientos sesenta y tres metros lineales, en di\u00e1metros comprendidos entre 100 y 600 mm, y materiales diversos, tales como, [&hellip;]<\/p>\n","protected":false},"author":2,"featured_media":0,"parent":0,"menu_order":0,"comment_status":"open","ping_status":"closed","template":"","meta":[],"_links":{"self":[{"href":"https:\/\/fuengirola.gestagua.es\/index.php\/wp-json\/wp\/v2\/pages\/75"}],"collection":[{"href":"https:\/\/fuengirola.gestagua.es\/index.php\/wp-json\/wp\/v2\/pages"}],"about":[{"href":"https:\/\/fuengirola.gestagua.es\/index.php\/wp-json\/wp\/v2\/types\/page"}],"author":[{"embeddable":true,"href":"https:\/\/fuengirola.gestagua.es\/index.php\/wp-json\/wp\/v2\/users\/2"}],"replies":[{"embeddable":true,"href":"https:\/\/fuengirola.gestagua.es\/index.php\/wp-json\/wp\/v2\/comments?post=75"}],"version-history":[{"count":27,"href":"https:\/\/fuengirola.gestagua.es\/index.php\/wp-json\/wp\/v2\/pages\/75\/revisions"}],"predecessor-version":[{"id":432,"href":"https:\/\/fuengirola.gestagua.es\/index.php\/wp-json\/wp\/v2\/pages\/75\/revisions\/432"}],"wp:attachment":[{"href":"https:\/\/fuengirola.gestagua.es\/index.php\/wp-json\/wp\/v2\/media?parent=75"}],"curies":[{"name":"wp","href":"https:\/\/api.w.org\/{rel}","templated":true}]}}