{"id":68,"date":"2013-09-30T16:21:15","date_gmt":"2013-09-30T16:21:15","guid":{"rendered":"http:\/\/villarrobledo.gestagua.es\/?page_id=68"},"modified":"2014-10-13T17:44:14","modified_gmt":"2014-10-13T16:44:14","slug":"gestion-eficiente-del-agua","status":"publish","type":"page","link":"https:\/\/fuengirola.gestagua.es\/index.php\/gestion-eficiente-del-agua\/","title":{"rendered":"Gesti\u00f3n Eficiente del Agua"},"content":{"rendered":"<p style=\"text-align: justify;\"><a href=\"http:\/\/www.gestagua.es\/index.php?p=32\"><img class=\" wp-image-346 alignleft\" src=\"http:\/\/fuengirola.gestagua.es\/wp-content\/uploads\/2013\/09\/GEA-Logo.png\" alt=\"\" width=\"195\" height=\"62\" \/><\/a>La Gesti\u00f3n del Ciclo integral del agua, implica la experiencia del manejo de la \u00faltima tecnolog\u00eda del mercado. La gran cantidad de informaci\u00f3n que debe tomarse en cuenta a la hora de tomar decisiones necesita de sistemas que permanentemente est\u00e9n integrados entre s\u00ed. Los datos de la ubicaci\u00f3n de las brigadas y los equipos de campo, la calidad del agua, las alarmas de las instalaciones, los avisos de nuestros clientes, los mantenimientos preventivos y correctivos de todo el sistema son algunos de los aspectos que debemos tener en cuenta a la hora de prestar un servicio excelente.<\/p>\n<p style=\"padding-left: 30px; text-align: justify;\"><a href=\"http:\/\/fuengirola.gestagua.es\/wp-content\/uploads\/2013\/11\/GEA-Fuengirola.png\"><img fetchpriority=\"high\" class=\"size-large wp-image-253 alignleft\" src=\"http:\/\/fuengirola.gestagua.es\/wp-content\/uploads\/2013\/11\/GEA-Fuengirola-1024x576.png\" alt=\"GEA-Fuengirola\" width=\"433\" height=\"244\" \/><\/a>Nuestro sistema Gea implantado en Fuengirola, permite disponer de toda la informaci\u00f3n relativa al abastecimiento, gracias a nuestra concepci\u00f3n tecnol\u00f3gica del servicio podemos adelantarnos cada d\u00eda a las dificultades de un servicio tan complejo como la gesti\u00f3n del Servicio de Agua de Fuengirola.<\/p>\n<p style=\"padding-left: 30px; text-align: justify;\">En Gestagua cada a\u00f1o seguimos invirtiendo en I+D+i desarrollando tecnolog\u00eda aplicada al ciclo integral del agua tanto de forma interna como conjuntamente con empresas nacionales, la cual redunda en una mejora constante de nuestro servicio.<\/p>\n<h4 style=\"padding-left: 30px; ; margin-top: 150px;\">\u00bfQuieres saber m\u00e1s sobre GEA?<\/h4>\n<pre>[stream provider=video flv=x:\/fuengirola.gestagua.es\/wp-content\/uploads\/2014\/05\/Gestagua-GEA-SD.mp4 img=x:\/fuengirola.gestagua.es\/wp-content\/uploads\/2014\/05\/Portada-Video-Gestagua-GEA.png hd=x:\/fuengirola.gestagua.es\/wp-content\/uploads\/2014\/05\/Gestagua-GEA-HD.mp4 mp4=x:\/fuengirola.gestagua.es\/wp-content\/uploads\/2014\/05\/Gestagua-GEA-mobile.mp4 captions=x:\/fuengirola.gestagua.es\/wp-content\/uploads\/2014\/05\/Gestagua-GEA.xml embed=false share=false width=640 height=360 dock=true controlbar=over bandwidth=high title=Gesti\u00f3n Eficiente del Agua autostart=false responsive=16:9 \/]<\/pre>\n","protected":false},"excerpt":{"rendered":"<p>La Gesti\u00f3n del Ciclo integral del agua, implica la experiencia del manejo de la \u00faltima tecnolog\u00eda del mercado. La gran cantidad de informaci\u00f3n que debe tomarse en cuenta a la hora de tomar decisiones necesita de sistemas que permanentemente est\u00e9n integrados entre s\u00ed. Los datos de la ubicaci\u00f3n de las brigadas y los equipos de [&hellip;]<\/p>\n","protected":false},"author":2,"featured_media":0,"parent":0,"menu_order":0,"comment_status":"open","ping_status":"closed","template":"","meta":[],"_links":{"self":[{"href":"https:\/\/fuengirola.gestagua.es\/index.php\/wp-json\/wp\/v2\/pages\/68"}],"collection":[{"href":"https:\/\/fuengirola.gestagua.es\/index.php\/wp-json\/wp\/v2\/pages"}],"about":[{"href":"https:\/\/fuengirola.gestagua.es\/index.php\/wp-json\/wp\/v2\/types\/page"}],"author":[{"embeddable":true,"href":"https:\/\/fuengirola.gestagua.es\/index.php\/wp-json\/wp\/v2\/users\/2"}],"replies":[{"embeddable":true,"href":"https:\/\/fuengirola.gestagua.es\/index.php\/wp-json\/wp\/v2\/comments?post=68"}],"version-history":[{"count":15,"href":"https:\/\/fuengirola.gestagua.es\/index.php\/wp-json\/wp\/v2\/pages\/68\/revisions"}],"predecessor-version":[{"id":341,"href":"https:\/\/fuengirola.gestagua.es\/index.php\/wp-json\/wp\/v2\/pages\/68\/revisions\/341"}],"wp:attachment":[{"href":"https:\/\/fuengirola.gestagua.es\/index.php\/wp-json\/wp\/v2\/media?parent=68"}],"curies":[{"name":"wp","href":"https:\/\/api.w.org\/{rel}","templated":true}]}}