{"id":65,"date":"2013-09-30T16:18:35","date_gmt":"2013-09-30T16:18:35","guid":{"rendered":"http:\/\/villarrobledo.gestagua.es\/?page_id=65"},"modified":"2014-11-26T16:25:44","modified_gmt":"2014-11-26T15:25:44","slug":"tecnologia","status":"publish","type":"page","link":"https:\/\/fuengirola.gestagua.es\/index.php\/tecnologia\/","title":{"rendered":"Tecnolog\u00eda"},"content":{"rendered":"<div>\n<p>El compromiso de Gestagua Fuengirola es incorporar a la gesti\u00f3n del servicio la \u00faltima tecnolog\u00eda disponible, enfocada a la mejora de la productividad y al servicio ofrecido a nuestros clientes. Actualmente, utilizamos los \u00faltimos dispositivos de detecci\u00f3n de fugas, control de proceso y calidad del agua, informaci\u00f3n geogr\u00e1fica, localizaci\u00f3n de los medios m\u00f3viles, etc\u2026 Para nosotros, la disponibilidad y buen uso de la tecnolog\u00eda es garant\u00eda de gesti\u00f3n y en esa andadura estamos a trav\u00e9s de nuestro proyecto \u201cGEA\u201d.<\/p>\n<p>El compromiso de Gestagua Fuengirola es dotar a la gesti\u00f3n del servicio de la \u00faltima tecnolog\u00eda disponible, enfocada tanto a la mejora de la productividad de nuestros equipos, como al servicio ofrecido a nuestros clientes. En nuestro d\u00eda a d\u00eda, utilizamos los \u00faltimos dispositivos de detecci\u00f3n de fugas, de control de proceso y calidad del agua, sistemas de informaci\u00f3n geogr\u00e1fica, dispositivos m\u00f3viles&#8230; Para nosotros el buen uso de la tecnolog\u00eda es uno de los elementos b\u00e1sicos de nuestra gesti\u00f3n, ayud\u00e1ndonos a lograr la mejora continua del servicio.<\/p>\n<\/div>\n<blockquote><p><span style=\"font-size: medium;\">El entorno GEA pone toda la informaci\u00f3n coordinada del sistema a disposici\u00f3n de sus interesados de forma precisa, concreta, clara e inmediata, a trav\u00e9s de medios de facil acceso, al alcance de todos.<\/span><\/p><\/blockquote>\n<blockquote><p><span style=\"font-size: medium;\">Los sistemas automatizados de control de proceso, permiten conocer en tiempo real como se comporta todo el sistema, las alarmas de las instalaciones, el control de la producci\u00f3n, as\u00ed como el mantenimiento preventivo y correctivo en la red.<\/span><\/p><\/blockquote>\n<blockquote><p><span style=\"font-size: medium;\">El control de calidad del agua se realiza en tiempo real y de acuerdo con el R.D. 140\/2.003 por el que se establecen los criterios sanitarios de la calidad del agua de consumo humano. Los datos son constantemente enviados al Sistema de Informaci\u00f3n Nacional de Aguas de consumo.<\/span><\/p><\/blockquote>\n<p>&nbsp;<\/p>\n","protected":false},"excerpt":{"rendered":"<p>El compromiso de Gestagua Fuengirola es incorporar a la gesti\u00f3n del servicio la \u00faltima tecnolog\u00eda disponible, enfocada a la mejora de la productividad y al servicio ofrecido a nuestros clientes. Actualmente, utilizamos los \u00faltimos dispositivos de detecci\u00f3n de fugas, control de proceso y calidad del agua, informaci\u00f3n geogr\u00e1fica, localizaci\u00f3n de los medios m\u00f3viles, etc\u2026 Para [&hellip;]<\/p>\n","protected":false},"author":2,"featured_media":0,"parent":0,"menu_order":0,"comment_status":"open","ping_status":"closed","template":"","meta":[],"_links":{"self":[{"href":"https:\/\/fuengirola.gestagua.es\/index.php\/wp-json\/wp\/v2\/pages\/65"}],"collection":[{"href":"https:\/\/fuengirola.gestagua.es\/index.php\/wp-json\/wp\/v2\/pages"}],"about":[{"href":"https:\/\/fuengirola.gestagua.es\/index.php\/wp-json\/wp\/v2\/types\/page"}],"author":[{"embeddable":true,"href":"https:\/\/fuengirola.gestagua.es\/index.php\/wp-json\/wp\/v2\/users\/2"}],"replies":[{"embeddable":true,"href":"https:\/\/fuengirola.gestagua.es\/index.php\/wp-json\/wp\/v2\/comments?post=65"}],"version-history":[{"count":5,"href":"https:\/\/fuengirola.gestagua.es\/index.php\/wp-json\/wp\/v2\/pages\/65\/revisions"}],"predecessor-version":[{"id":576,"href":"https:\/\/fuengirola.gestagua.es\/index.php\/wp-json\/wp\/v2\/pages\/65\/revisions\/576"}],"wp:attachment":[{"href":"https:\/\/fuengirola.gestagua.es\/index.php\/wp-json\/wp\/v2\/media?parent=65"}],"curies":[{"name":"wp","href":"https:\/\/api.w.org\/{rel}","templated":true}]}}