{"id":60,"date":"2013-09-30T16:12:02","date_gmt":"2013-09-30T16:12:02","guid":{"rendered":"http:\/\/villarrobledo.gestagua.es\/?page_id=60"},"modified":"2014-10-14T13:15:21","modified_gmt":"2014-10-14T12:15:21","slug":"obras-y-mejoras","status":"publish","type":"page","link":"https:\/\/fuengirola.gestagua.es\/index.php\/obras-y-mejoras\/","title":{"rendered":"Obras y Mejoras"},"content":{"rendered":"<h3>OBRAS Y MEJORA DEL SERVICIO<\/h3>\n<p style=\"text-align: justify;\">En el \u00e1mbito de sus competencias y obligaciones, as\u00ed como en su implicaci\u00f3n para la constante mejora de los servicios prestados, Gestagua desarrolla diversas actuaciones en las infraestructuras p\u00fablicas e instalaciones interiores (estas \u00faltimas al amparo de lo reglamentado sobre actuaciones y servicios espec\u00edficos).<a href=\"http:\/\/fuengirola.gestagua.es\/wp-content\/uploads\/2013\/09\/Obras-Hidraulicas.jpg\"><img fetchpriority=\"high\" class=\" wp-image-179 alignright\" src=\"http:\/\/fuengirola.gestagua.es\/wp-content\/uploads\/2013\/09\/Obras-Hidraulicas-300x177.jpg\" alt=\"Obras Hidraulicas\" width=\"373\" height=\"220\" srcset=\"https:\/\/fuengirola.gestagua.es\/wp-content\/uploads\/2013\/09\/Obras-Hidraulicas-300x177.jpg 300w, https:\/\/fuengirola.gestagua.es\/wp-content\/uploads\/2013\/09\/Obras-Hidraulicas.jpg 630w\" sizes=\"(max-width: 373px) 100vw, 373px\" \/><\/a><\/p>\n<p style=\"text-align: justify;\">La experiencia y personal cualificado de Gestagua ha ganado la confianza de su cliente, design\u00e1ndola para que ejecute las intervenciones en las obras de remodelaci\u00f3n e instalaci\u00f3n de nuevas infraestructuras hidr\u00e1ulicas desarrolladas en el municipio, desde la instalaci\u00f3n de conducciones con sus correspondientes tratamientos de limpieza y desinfecci\u00f3n previos a la puesta en servicio, conexiones de nuevas redes, equipamiento de dep\u00f3sitos reguladores y estaciones elevadoras, planificaci\u00f3n y ejecuci\u00f3n de sistemas para evacuaci\u00f3n de aguas residuales y pluviales, todo ello como cap\u00edtulos de los diferentes concursos y adjudicaci\u00f3n de obras municipales. A ello debe sumarse la redacci\u00f3n de proyectos y asesoramientos t\u00e9cnicos a las \u00e1reas municipales de Urbanismo e Infraestructuras, a fin de que las necesidades del servicio y ejecuci\u00f3n de obras sean armoniosas y efectivas.<\/p>\n<p style=\"text-align: justify;\">Adem\u00e1s, Gestagua colabora activamente con los Servicios Operativos Municipales para la ejecuci\u00f3n de obras y remodelaci\u00f3n de redes, lo que conlleva un ahorro en la inversi\u00f3n a realizar por la Administraci\u00f3n Local, circunstancia que repercute positivamente en el municipio.<\/p>\n<p style=\"text-align: justify;\">Cada vez son m\u00e1s los usuarios que piden y encargan a Gestagua actuaciones en instalaciones interiores que se desarrollan de manera satisfactoria, elimin\u00e1ndose incidencias derivadas del envejecimiento propio de los materiales o de la aparici\u00f3n de vicios constructivos. En esta \u00e1rea, el personal de Gestagua ofrece a los usuarios directrices que le permitan una r\u00e1pida diagnosis de las instalaciones interiores y le encaminen en la resoluci\u00f3n por quien el particular finalmente designe para ello.<\/p>\n","protected":false},"excerpt":{"rendered":"<p>OBRAS Y MEJORA DEL SERVICIO En el \u00e1mbito de sus competencias y obligaciones, as\u00ed como en su implicaci\u00f3n para la constante mejora de los servicios prestados, Gestagua desarrolla diversas actuaciones en las infraestructuras p\u00fablicas e instalaciones interiores (estas \u00faltimas al amparo de lo reglamentado sobre actuaciones y servicios espec\u00edficos). La experiencia y personal cualificado de [&hellip;]<\/p>\n","protected":false},"author":2,"featured_media":0,"parent":0,"menu_order":0,"comment_status":"open","ping_status":"closed","template":"","meta":[],"_links":{"self":[{"href":"https:\/\/fuengirola.gestagua.es\/index.php\/wp-json\/wp\/v2\/pages\/60"}],"collection":[{"href":"https:\/\/fuengirola.gestagua.es\/index.php\/wp-json\/wp\/v2\/pages"}],"about":[{"href":"https:\/\/fuengirola.gestagua.es\/index.php\/wp-json\/wp\/v2\/types\/page"}],"author":[{"embeddable":true,"href":"https:\/\/fuengirola.gestagua.es\/index.php\/wp-json\/wp\/v2\/users\/2"}],"replies":[{"embeddable":true,"href":"https:\/\/fuengirola.gestagua.es\/index.php\/wp-json\/wp\/v2\/comments?post=60"}],"version-history":[{"count":7,"href":"https:\/\/fuengirola.gestagua.es\/index.php\/wp-json\/wp\/v2\/pages\/60\/revisions"}],"predecessor-version":[{"id":370,"href":"https:\/\/fuengirola.gestagua.es\/index.php\/wp-json\/wp\/v2\/pages\/60\/revisions\/370"}],"wp:attachment":[{"href":"https:\/\/fuengirola.gestagua.es\/index.php\/wp-json\/wp\/v2\/media?parent=60"}],"curies":[{"name":"wp","href":"https:\/\/api.w.org\/{rel}","templated":true}]}}