{"id":52,"date":"2013-09-30T16:00:03","date_gmt":"2013-09-30T16:00:03","guid":{"rendered":"http:\/\/villarrobledo.gestagua.es\/?page_id=52"},"modified":"2019-04-15T08:34:27","modified_gmt":"2019-04-15T07:34:27","slug":"calidad-de-agua","status":"publish","type":"page","link":"https:\/\/fuengirola.gestagua.es\/index.php\/calidad-de-agua\/","title":{"rendered":"Calidad de Agua"},"content":{"rendered":"<div class=\"theme-three-fourth\">\n<blockquote><p><em><span style=\"font-size: medium;\"><b>En Gestagua &#8211; Fuengirola cuidamos de la calidad suministrada previniendo cualquier eventualidad.<br \/>\n<\/b><\/span><\/em><\/p><\/blockquote>\n<p style=\"text-align: justify;\">La calidad del agua suministrada en Fuengirola est\u00e1 doblemente garantizada, desde origen y una vez pasado el punto de entrega entre gestores por este servicio municipal, el cual cumple estrictamente con la legalidad vigente, el<a title=\"Real Decreto 140\/2003, de 7 de febrero, por el que se establecen los criterios sanitarios de la calidad del agua de consumo humano\" href=\"http:\/\/www.boe.es\/diario_boe\/txt.php?id=BOE-A-2003-3596\" target=\"_blank\" rel=\"noopener\"> Real Decreto 140\/2003, de 7 de febrero<\/a> por el que se establecen los criterios sanitarios de la calidad del agua de consumo humano y el <a title=\"Decreto 70\/2009 Reglamento de Vigilancia Sanitaria y Calidad del Agua de Consumo Humano de Andaluc\u00eda\" href=\"http:\/\/www.juntadeandalucia.es\/boja\/2009\/73\/4\" target=\"_blank\" rel=\"noopener\">Decreto 70\/2009, de 31 de marzo, por el que se aprueba el Reglamento de Vigilancia Sanitaria y Calidad del Agua de Consumo Humano en Andaluc\u00eda<\/a>.<\/p>\n<p style=\"text-align: justify;\">De ellos nace la obligatoriedad de control de los gestores de los abastecimientos, administraci\u00f3n local, auton\u00f3mica y nacional. Gracias al <a title=\"Sistema de Informaci\u00f3n Nacional de Aguas de Consumo\" href=\"http:\/\/sinac.msc.es\/SinacV2\/\" target=\"_blank\" rel=\"noopener\">Sistema de Informaci\u00f3n Nacional de Aguas de Consumo (SINAC)<\/a>, que centraliza todos los datos del agua analizada y pone a disposici\u00f3n de los ciudadanos los resultados anal\u00edticos que se desarrollan conforme al calendario establecido y supervisado con la Autoridad Sanitaria, para ello se han establecido diecisiete puntos de muestreo situados en los lugares m\u00e1s relevantes del sistema.<\/p>\n<p style=\"text-align: justify;\">Los ensayos anal\u00edticos est\u00e1n externalizados mediante laboratorio certificado y el seguimiento y traslado al sistema de informaci\u00f3n nacional de consumo humano lo realizamos a trav\u00e9s de una aplicaci\u00f3n desarrollado por Gestagua. Los resultados anal\u00edticos est\u00e1n a disposici\u00f3n de los usuarios y p\u00fablico en general en el siguiente enlace del Ministerio.\u00a0<a title=\"Sistema de Informaci\u00f3n Nacional de Aguas de Consumo\" href=\"http:\/\/sinac.msc.es\/SinacV2\/\" target=\"_blank\" rel=\"noopener\">Sistema de Informaci\u00f3n Nacional de Aguas de Consumo (SINAC)<\/a><\/p>\n<p style=\"text-align: justify;\">Independientemente de lo anterior y a efectos preventivos, Gestagua dispone de dos estaciones concretas destinadas a control de la calidad del agua suministrada, est\u00e1n situadas en puntos delimitadores entre gestores los cuales se identifican como \u201cMiramar y Ben\u00edtez\u201d realizando el seguimiento de manera continuada de los par\u00e1metros pH, Conductividad, Turbidez, Nitratos, Amonio, Cloro Libre Residual, Temperatura, Caudal y Presi\u00f3n, efectuando remotamente registros cada quince minutos y volc\u00e1ndoles diariamente al puesto central, salvo que se superen los umbrales preestablecidos, en cuyo caso se activa la correspondiente alarma que avisa telef\u00f3nicamente a los responsables del servicio a efectos de atender y contrarrestar la incidencia.<\/p>\n<p><a href=\"http:\/\/fuengirola.gestagua.es\/wp-content\/uploads\/2013\/09\/Calidad-Agua-Turbidez.jpg\"><img fetchpriority=\"high\" class=\"alignnone wp-image-348 size-full\" src=\"http:\/\/fuengirola.gestagua.es\/wp-content\/uploads\/2013\/09\/Calidad-Agua-Turbidez.jpg\" alt=\"Calidad Agua Turbidez\" width=\"240\" height=\"321\" srcset=\"https:\/\/fuengirola.gestagua.es\/wp-content\/uploads\/2013\/09\/Calidad-Agua-Turbidez.jpg 240w, https:\/\/fuengirola.gestagua.es\/wp-content\/uploads\/2013\/09\/Calidad-Agua-Turbidez-224x300.jpg 224w\" sizes=\"(max-width: 240px) 100vw, 240px\" \/><\/a> <a href=\"http:\/\/fuengirola.gestagua.es\/wp-content\/uploads\/2013\/09\/Calidad-Agua-pH-Temperatura.jpg\"><img class=\"alignnone wp-image-347 size-full\" src=\"http:\/\/fuengirola.gestagua.es\/wp-content\/uploads\/2013\/09\/Calidad-Agua-pH-Temperatura.jpg\" alt=\"Calidad Agua pH Temperatura\" width=\"240\" height=\"321\" srcset=\"https:\/\/fuengirola.gestagua.es\/wp-content\/uploads\/2013\/09\/Calidad-Agua-pH-Temperatura.jpg 240w, https:\/\/fuengirola.gestagua.es\/wp-content\/uploads\/2013\/09\/Calidad-Agua-pH-Temperatura-224x300.jpg 224w\" sizes=\"(max-width: 240px) 100vw, 240px\" \/><\/a> <a href=\"http:\/\/fuengirola.gestagua.es\/wp-content\/uploads\/2013\/09\/Calidad-Agua-Nitratos.jpg\"><img class=\"alignnone wp-image-346\" src=\"http:\/\/fuengirola.gestagua.es\/wp-content\/uploads\/2013\/09\/Calidad-Agua-Nitratos.jpg\" alt=\"Calidad Agua Nitratos\" width=\"240\" height=\"321\" srcset=\"https:\/\/fuengirola.gestagua.es\/wp-content\/uploads\/2013\/09\/Calidad-Agua-Nitratos.jpg 243w, https:\/\/fuengirola.gestagua.es\/wp-content\/uploads\/2013\/09\/Calidad-Agua-Nitratos-224x300.jpg 224w\" sizes=\"(max-width: 240px) 100vw, 240px\" \/><\/a> <a href=\"http:\/\/fuengirola.gestagua.es\/wp-content\/uploads\/2013\/09\/Calidad-Agua-Conductividad.jpg\"><img loading=\"lazy\" class=\"alignnone wp-image-345\" src=\"http:\/\/fuengirola.gestagua.es\/wp-content\/uploads\/2013\/09\/Calidad-Agua-Conductividad.jpg\" alt=\"Calidad Agua Conductividad\" width=\"240\" height=\"321\" srcset=\"https:\/\/fuengirola.gestagua.es\/wp-content\/uploads\/2013\/09\/Calidad-Agua-Conductividad.jpg 243w, https:\/\/fuengirola.gestagua.es\/wp-content\/uploads\/2013\/09\/Calidad-Agua-Conductividad-224x300.jpg 224w\" sizes=\"(max-width: 240px) 100vw, 240px\" \/><\/a> <a href=\"http:\/\/fuengirola.gestagua.es\/wp-content\/uploads\/2013\/09\/Calidad-Agua-Cloro-Libre-Residual.jpg\"><img loading=\"lazy\" class=\"alignnone wp-image-344\" src=\"http:\/\/fuengirola.gestagua.es\/wp-content\/uploads\/2013\/09\/Calidad-Agua-Cloro-Libre-Residual.jpg\" alt=\"Calidad Agua Cloro Libre Residual\" width=\"241\" height=\"321\" srcset=\"https:\/\/fuengirola.gestagua.es\/wp-content\/uploads\/2013\/09\/Calidad-Agua-Cloro-Libre-Residual.jpg 246w, https:\/\/fuengirola.gestagua.es\/wp-content\/uploads\/2013\/09\/Calidad-Agua-Cloro-Libre-Residual-225x300.jpg 225w\" sizes=\"(max-width: 241px) 100vw, 241px\" \/><\/a> <a href=\"http:\/\/fuengirola.gestagua.es\/wp-content\/uploads\/2013\/09\/Calidad-Agua-Amonio.jpg\"><img loading=\"lazy\" class=\"alignnone wp-image-343\" src=\"http:\/\/fuengirola.gestagua.es\/wp-content\/uploads\/2013\/09\/Calidad-Agua-Amonio-224x300.jpg\" alt=\"Calidad Agua Amonio\" width=\"240\" height=\"321\" srcset=\"https:\/\/fuengirola.gestagua.es\/wp-content\/uploads\/2013\/09\/Calidad-Agua-Amonio-224x300.jpg 224w, https:\/\/fuengirola.gestagua.es\/wp-content\/uploads\/2013\/09\/Calidad-Agua-Amonio.jpg 243w\" sizes=\"(max-width: 240px) 100vw, 240px\" \/><\/a><\/p>\n<h4><\/div><\/h4>\n<div class=\"theme-one-fourth theme-column-last\"> <a href=\"http:\/\/fuengirola.gestagua.es\/wp-content\/uploads\/2013\/09\/01T-Calidad-Agua.jpg\"><img class=\"alignnone wp-image-677\" src=\"http:\/\/fuengirola.gestagua.es\/wp-content\/uploads\/2013\/09\/01T-Calidad-Agua-199x300.jpg\" alt=\"01T-Calidad-Agua\" \/><\/a><\/div><div class=\"clear\"><\/div>\n","protected":false},"excerpt":{"rendered":"","protected":false},"author":2,"featured_media":0,"parent":0,"menu_order":0,"comment_status":"open","ping_status":"closed","template":"","meta":[],"_links":{"self":[{"href":"https:\/\/fuengirola.gestagua.es\/index.php\/wp-json\/wp\/v2\/pages\/52"}],"collection":[{"href":"https:\/\/fuengirola.gestagua.es\/index.php\/wp-json\/wp\/v2\/pages"}],"about":[{"href":"https:\/\/fuengirola.gestagua.es\/index.php\/wp-json\/wp\/v2\/types\/page"}],"author":[{"embeddable":true,"href":"https:\/\/fuengirola.gestagua.es\/index.php\/wp-json\/wp\/v2\/users\/2"}],"replies":[{"embeddable":true,"href":"https:\/\/fuengirola.gestagua.es\/index.php\/wp-json\/wp\/v2\/comments?post=52"}],"version-history":[{"count":18,"href":"https:\/\/fuengirola.gestagua.es\/index.php\/wp-json\/wp\/v2\/pages\/52\/revisions"}],"predecessor-version":[{"id":828,"href":"https:\/\/fuengirola.gestagua.es\/index.php\/wp-json\/wp\/v2\/pages\/52\/revisions\/828"}],"wp:attachment":[{"href":"https:\/\/fuengirola.gestagua.es\/index.php\/wp-json\/wp\/v2\/media?parent=52"}],"curies":[{"name":"wp","href":"https:\/\/api.w.org\/{rel}","templated":true}]}}