{"id":42,"date":"2013-09-30T15:54:47","date_gmt":"2013-09-30T15:54:47","guid":{"rendered":"http:\/\/villarrobledo.gestagua.es\/?page_id=42"},"modified":"2014-11-26T09:50:02","modified_gmt":"2014-11-26T08:50:02","slug":"el-agua","status":"publish","type":"page","link":"https:\/\/fuengirola.gestagua.es\/index.php\/el-agua\/","title":{"rendered":"El Agua"},"content":{"rendered":"<p style=\"text-align: justify;\"><div class=\"theme-three-fourth\">\n<p style=\"text-align: justify;\">El d\u00eda uno de octubre de mil novecientos noventa y dos, Gesti\u00f3n y T\u00e9cnicas del Agua, S.A. (Gestagua), inici\u00f3 su andadura como gestora de los servicios municipales de Suministro Domiciliario de Agua Potable y Alcantarillado de Fuengirola, al amparo del contrato de Concesi\u00f3n Administrativa suscrito el veintid\u00f3s de septiembre de mil novecientos noventa y dos, ratific\u00e1ndose nuevamente la confianza de las autoridades municipales con Gestagua el veinte de septiembre de dos mil siete con la formalizaci\u00f3n de la pr\u00f3rroga del periodo de concesi\u00f3n.<\/p>\n<p style=\"text-align: justify;\">Durante estos veintid\u00f3s a\u00f1os de servicios prestados, Gestagua ha trabajado de la mano de su cliente con el objetivo de seguir mejorando cada d\u00eda, permitiendo que los ciudadanos puedan confiar en sus servicios de abastecimiento y saneamiento.<\/p>\n<p style=\"margin-bottom: 0em !important; text-align: justify;\">La poblaci\u00f3n de Fuengirola recibe el suministro desde cuatro derivaciones de la red de alta mancomunada, de las cuales dos son de inyecci\u00f3n directa (Miramar y Ben\u00edtez) la tercera deriva del dep\u00f3sito regulador \u201cEl Toro\u201d y la cuarta \u201cTorreblanca\u201d abastece al dep\u00f3sito regulador Molina, desde el cual se suministra aguas abajo y mediante sistema en cascada invertida, se efect\u00faa el llenado de los dep\u00f3sitos reguladores Rozuela, Torreblanca, Pozoblanco y Pacosol para su posterior distribuci\u00f3n a los correspondientes subsectores.<\/div>\n<p style=\"text-align: right;\"><div class=\"theme-one-fourth theme-column-last\"><a href=\"http:\/\/fuengirola.gestagua.es\/wp-content\/uploads\/2013\/11\/Logo-Ayto-Fuengirola.png\"><img class=\"size-full wp-image-232\" src=\"http:\/\/fuengirola.gestagua.es\/wp-content\/uploads\/2013\/11\/Logo-Ayto-Fuengirola.png\" alt=\"Logo-Ayto-Fuengirola\" width=\"205\" height=\"126\" \/><\/a><\/p>\n<p style=\"text-align: right;\"><p style=\"text-align:center; display: table; margin: 5px auto;\">\r\n            <a class=\"btn small\" href=\"http:\/\/www.fuengirola.es\/portal_localweb\/InitIndex.do\" target=\"_blank\" style=\"color:#555555\">Web Ayto. de Fuengirola.<\/a>\r\n        <\/p><\/div><div class=\"clear\"><\/div>\n<h3 style=\"text-align: justify; margin-top: 20px;\">El Abastecimiento<\/h3>\n<p style=\"text-align: justify;\">El sistema municipal de abastecimiento es predominantemente mallado, entre las tuber\u00edas que comprenden las arterias y las conducciones viarias se contabiliza una longitud de 168,3 km, en di\u00e1metros comprendidos entre 100 y 600 mm, en materiales diversos tales, como, fundici\u00f3n d\u00factil, polietileno, PVC, acero y fibrocemento, este \u00faltimo con tendencia a desaparecer, est\u00e1\u00a0divido en 12 sectores lo que permite un exhaustivo control mejorando la localizaci\u00f3n y detecci\u00f3n de fugas.<\/p>\n<p style=\"text-align: justify;\">En su conjunto el sistema est\u00e1 telecontrolado-telegestionado mediante nueve estaciones aut\u00f3nomas con autogesti\u00f3n remota, supervisado por un puesto central denominado \u201cPC-WIN\u201d (SCADA), registr\u00e1ndose localmente los vol\u00famenes demandados por derivaci\u00f3n al igual que las presiones en puntos concretos del sistema.<\/p>\n<p style=\"text-align: justify;\">La demanda alcanza un total anual de 7,82 Hm<sup>3<\/sup>\/a\u00f1o lo que supone una media de 21.430 m<sup>3<\/sup>\/d\u00eda, las demandas m\u00e1ximas y m\u00ednimas durante el pasado ejercicio 2013 fueron de 30.739 y 16.124 m<sup>3<\/sup>\/d\u00eda respectivamente.<\/p>\n<p style=\"text-align: justify;\">El Municipio de Fuengirola, adem\u00e1s de los recursos mancomunados, dispone de otros recursos propios a trav\u00e9s de captaciones subterr\u00e1neas que est\u00e1n salvaguardadas para usos municipales y emergencias en caso de necesidad.<\/p>\n<h3 style=\"text-align: justify;\">El Saneamiento<a href=\"http:\/\/fuengirola.gestagua.es\/wp-content\/uploads\/2013\/09\/Tamiz-Aliviaderos.png\"><img fetchpriority=\"high\" class=\"size-medium wp-image-509 alignright\" src=\"http:\/\/fuengirola.gestagua.es\/wp-content\/uploads\/2013\/09\/Tamiz-Aliviaderos-300x248.png\" alt=\"Tamiz Aliviaderos\" width=\"300\" height=\"248\" srcset=\"https:\/\/fuengirola.gestagua.es\/wp-content\/uploads\/2013\/09\/Tamiz-Aliviaderos-300x248.png 300w, https:\/\/fuengirola.gestagua.es\/wp-content\/uploads\/2013\/09\/Tamiz-Aliviaderos.png 496w\" sizes=\"(max-width: 300px) 100vw, 300px\" \/><\/a><\/h3>\n<p style=\"text-align: justify;\">El sistema de recogida de las aguas residuales de Fuengirola, fomentando el desarrollo sostenible y la necesidad de preservar el medio ambiente, ha propiciado la evoluci\u00f3n de un sistema unitario a separativo, est\u00e1 medida se implant\u00f3 a finales de la d\u00e9cada de los noventa a trav\u00e9s del \u00e1rea de urbanismo, obligatoriamente para las zonas de nueva urbanizaci\u00f3n y tambi\u00e9n para todas las calles remodeladas, ello ha permitido la minimizaci\u00f3n de los efectos por intrusi\u00f3n de caudales extraordinarios, mejorando sustancialmente el funcionamiento del alcantarillado.<\/p>\n<p>Dada la orograf\u00eda del municipio de Fuengirola, donde gran parte de la ciudad dispone de escasa pendiente, el dise\u00f1o del sistema de saneamiento por gravedad no se caracteriza por su sencillez, siendo incluso necesario disponer de estaciones de bombeo para el normal transporte de estas aguas hacia el Sistema Integral.<\/p>\n<p style=\"text-align: justify;\">El sistema en su conjunto est\u00e1 ejecutado en hormig\u00f3n, PVC y Polietileno, en di\u00e1metros comprendidos entre 300 y 1.200 mm, igualmente la recogida de aguas pluviales se inician en 300 mm, con diferentes calibres y figuras geom\u00e9tricas alcanzado dimensiones superiores a dos metros, cuenta con 115 km\u00a0de colectores repartidos en nueve cuencas, que albergan m\u00e1s de 4.900 pozos de registro y 3.200\u00a0imbornales.<\/p>\n<p style=\"text-align: justify;\">Para reducir el impacto de las lluvias intensas producidas por la \u201cgota fr\u00eda\u201d, se ha desarrollado un sistema de alivio en lugares estrat\u00e9gicos que mediante aislamiento de retornos evacuan de manera diluida las aguas impidiendo la afectaci\u00f3n a viales y a s\u00f3tanos<\/p>\n<p>&nbsp;<\/p>\n<p style=\"text-align: left;\"><a href=\"http:\/\/plantilla.gestagua.es\/wp-content\/uploads\/2013\/10\/Abastecimiento.png\"><div class=\"theme-one-half\"><\/a><a href=\"http:\/\/fuengirola.gestagua.es\/wp-content\/uploads\/2013\/09\/Esquema-Abastecimiento.png\"><img class=\"alignnone size-large wp-image-537\" src=\"http:\/\/fuengirola.gestagua.es\/wp-content\/uploads\/2013\/09\/Esquema-Abastecimiento-1024x682.png\" alt=\"Esquema-Abastecimiento\" width=\"602\" height=\"400\" srcset=\"https:\/\/fuengirola.gestagua.es\/wp-content\/uploads\/2013\/09\/Esquema-Abastecimiento-1024x682.png 1024w, https:\/\/fuengirola.gestagua.es\/wp-content\/uploads\/2013\/09\/Esquema-Abastecimiento-300x199.png 300w\" sizes=\"(max-width: 602px) 100vw, 602px\" \/><\/a><\/div>\n<p style=\"text-align: left;\"><a href=\"http:\/\/plantilla.gestagua.es\/wp-content\/uploads\/2013\/10\/Saneamiento.png\"><div class=\"theme-one-half theme-column-last\"><\/a><a href=\"http:\/\/fuengirola.gestagua.es\/wp-content\/uploads\/2013\/09\/Esquema-Saneamiento.png\"><img loading=\"lazy\" class=\"alignnone size-large wp-image-556\" src=\"http:\/\/fuengirola.gestagua.es\/wp-content\/uploads\/2013\/09\/Esquema-Saneamiento-1024x657.png\" alt=\"Esquema-Saneamiento\" width=\"602\" height=\"386\" srcset=\"https:\/\/fuengirola.gestagua.es\/wp-content\/uploads\/2013\/09\/Esquema-Saneamiento-1024x657.png 1024w, https:\/\/fuengirola.gestagua.es\/wp-content\/uploads\/2013\/09\/Esquema-Saneamiento-300x192.png 300w\" sizes=\"(max-width: 602px) 100vw, 602px\" \/><\/a><\/div><div class=\"clear\"><\/div>\n","protected":false},"excerpt":{"rendered":"<p>El Abastecimiento El sistema municipal de abastecimiento es predominantemente mallado, entre las tuber\u00edas que comprenden las arterias y las conducciones viarias se contabiliza una longitud de 168,3 km, en di\u00e1metros comprendidos entre 100 y 600 mm, en materiales diversos tales, como, fundici\u00f3n d\u00factil, polietileno, PVC, acero y fibrocemento, este \u00faltimo con tendencia a desaparecer, est\u00e1\u00a0divido [&hellip;]<\/p>\n","protected":false},"author":2,"featured_media":0,"parent":0,"menu_order":0,"comment_status":"open","ping_status":"closed","template":"","meta":[],"_links":{"self":[{"href":"https:\/\/fuengirola.gestagua.es\/index.php\/wp-json\/wp\/v2\/pages\/42"}],"collection":[{"href":"https:\/\/fuengirola.gestagua.es\/index.php\/wp-json\/wp\/v2\/pages"}],"about":[{"href":"https:\/\/fuengirola.gestagua.es\/index.php\/wp-json\/wp\/v2\/types\/page"}],"author":[{"embeddable":true,"href":"https:\/\/fuengirola.gestagua.es\/index.php\/wp-json\/wp\/v2\/users\/2"}],"replies":[{"embeddable":true,"href":"https:\/\/fuengirola.gestagua.es\/index.php\/wp-json\/wp\/v2\/comments?post=42"}],"version-history":[{"count":58,"href":"https:\/\/fuengirola.gestagua.es\/index.php\/wp-json\/wp\/v2\/pages\/42\/revisions"}],"predecessor-version":[{"id":574,"href":"https:\/\/fuengirola.gestagua.es\/index.php\/wp-json\/wp\/v2\/pages\/42\/revisions\/574"}],"wp:attachment":[{"href":"https:\/\/fuengirola.gestagua.es\/index.php\/wp-json\/wp\/v2\/media?parent=42"}],"curies":[{"name":"wp","href":"https:\/\/api.w.org\/{rel}","templated":true}]}}