{"id":152,"date":"2013-10-01T17:13:33","date_gmt":"2013-10-01T17:13:33","guid":{"rendered":"http:\/\/villarrobledo.gestagua.es\/?page_id=152"},"modified":"2017-06-14T12:08:54","modified_gmt":"2017-06-14T11:08:54","slug":"normativa","status":"publish","type":"page","link":"https:\/\/fuengirola.gestagua.es\/index.php\/normativa\/","title":{"rendered":"Normativa"},"content":{"rendered":"<p>En esta secci\u00f3n podr\u00e1 encontrar informaci\u00f3n sobre la normativa aplicable al Servicio de Abastecimiento y Saneamiento de Fuengirola.<span style=\"background-color: #ffff00;\"><br \/>\n<\/span><\/p>\n<ul style=\"padding-left: 30px;\">\n<li class=\"lista1\"><a title=\"Reglamento de Suministro Domiciliario de Agua de Andaluc\u00eda\" href=\"http:\/\/fuengirola.gestagua.es\/wp-content\/uploads\/2014\/10\/Decreto-120-91-de-11-de-Junio.pdf\" target=\"_blank\" rel=\"noopener\">Decreto 120\/91 de 11 de Junio, Reglamento de Suministro Domiciliario de Agua de Andaluc\u00eda.<\/a><\/li>\n<\/ul>\n<ul style=\"padding-left: 30px;\">\n<li class=\"lista1\"><a title=\"Decreto 327-2012, de 10 de julio\" href=\"http:\/\/fuengirola.gestagua.es\/wp-content\/uploads\/2014\/10\/Decreto-327-2012-de-10-de-julio.pdf\" target=\"_blank\" rel=\"noopener\">Decreto 327\/2012, de 10 de julio, por el que se modifican diversos Decretos para su adaptaci\u00f3n a la normativa estatal de transposici\u00f3n de la Directiva de Servicios.<\/a><\/li>\n<\/ul>\n<ul style=\"padding-left: 30px;\">\n<li class=\"lista1\"><a title=\"Ley 92\/010, de 30 de julio, de Aguas para Andaluc\u00eda\" href=\"http:\/\/fuengirola.gestagua.es\/wp-content\/uploads\/2014\/10\/Ley-92-010-de-30-de-julio-de-Aguas-para-Andaluc\u00eda.pdf\" target=\"_blank\" rel=\"noopener\">Ley 9\/2010, de 30 de julio, de Aguas para Andaluc\u00eda.<\/a><\/li>\n<\/ul>\n<ul style=\"padding-left: 30px;\">\n<li class=\"lista1\"><a title=\"Ley 44\/2006 Mejora Protecci\u00f3n Consumidores y Usuarios\" href=\"http:\/\/fuengirola.gestagua.es\/wp-content\/uploads\/2014\/10\/Ley-44-2006-Mejora-Protecci\u00f3n-Consumidores-y-Usuarios.pdf\" target=\"_blank\" rel=\"noopener\">Ley 44\/2006, de 29 de diciembre, de mejora de la protecci\u00f3n de los consumidores y usuarios.<\/a><\/li>\n<\/ul>\n<ul style=\"padding-left: 30px;\">\n<li class=\"lista1\"><a title=\"Reglamento de Vigilancia Sanitaria y Calidad de Consumo\" href=\"http:\/\/fuengirola.gestagua.es\/wp-content\/uploads\/2013\/09\/Decreto-70-2009-31-03-09-Reglamento-de-Vigilancia-Sanitaria-y-Calidad-de-Consumo.pdf\" target=\"_blank\" rel=\"noopener\">Reglamento de Vigilancia Sanitaria y Calidad de Consumo (Decreto 70-2009 31-03-09).<\/a><\/li>\n<\/ul>\n<ul style=\"padding-left: 30px;\">\n<li class=\"lista1\"><a title=\"Criterios Sanitarios de la Calidad de Agua de Consumo Humano\" href=\"http:\/\/fuengirola.gestagua.es\/wp-content\/uploads\/2013\/09\/RD-140-2003-Criterios-Sanitarios-de-la-Calidad-de-Agua-de-Consumo-Humano.pdf\" target=\"_blank\" rel=\"noopener\">Criterios Sanitarios de la Calidad de Agua de Consumo Humano (Real Decreto 140\/2003).<\/a><\/li>\n<\/ul>\n<ul style=\"padding-left: 30px;\">\n<li class=\"lista1\"><a title=\"Ordenanza de control de calidad y proteccion de las aguas\" href=\"http:\/\/fuengirola.gestagua.es\/wp-content\/uploads\/2013\/09\/Ordenanza-de-control-de-calidad-y-proteccion-de-las-aguas.pdf\" target=\"_blank\" rel=\"noopener\">Ordenanza de control de calidad y protecci\u00f3n de las aguas.<\/a><\/li>\n<\/ul>\n<ul style=\"padding-left: 30px;\">\n<li class=\"lista1\"><a title=\"Esquema de Contador en Bater\u00eda\" href=\"http:\/\/fuengirola.gestagua.es\/wp-content\/uploads\/2017\/06\/Esquema-de-Contador-en-Bater\u00eda.pdf\" target=\"_blank\" rel=\"noopener\">Esquema de Contador en Bater\u00eda.<\/a><\/li>\n<\/ul>\n<ul style=\"padding-left: 30px;\">\n<li class=\"lista1\"><a title=\"Esquema Contador Totalizador 25, 32 o 40\" href=\"http:\/\/fuengirola.gestagua.es\/wp-content\/uploads\/2017\/06\/Esquema-Contador-Totalizador-25-32-o-40.pdf\" target=\"_blank\" rel=\"noopener\">Esquema Contador Totalizador 25, 32 o 40.<\/a><\/li>\n<\/ul>\n<ul style=\"padding-left: 30px;\">\n<li class=\"lista1\"><a title=\"Detalles Esquema Totalizadores 25, 32 o 40\" href=\"http:\/\/fuengirola.gestagua.es\/wp-content\/uploads\/2017\/06\/Detalles-Esquema-Totalizadores-25-32-o-40.pdf\" target=\"_blank\" rel=\"noopener\">Detalles Esquema Totalizadores 25, 32 o 40.<\/a><\/li>\n<\/ul>\n<ul style=\"padding-left: 30px;\">\n<li class=\"lista1\"><a title=\"Instalaci\u00f3n Normalizada Contador 13 o 20 mm con drenaje\" href=\"http:\/\/fuengirola.gestagua.es\/wp-content\/uploads\/2017\/06\/Esquema-de-Acometida-y-Contador-13-o-20-mm-con-drenaje.pdf\" target=\"_blank\" rel=\"noopener\">Instalaci\u00f3n Normalizada Contador 13 o 20 mm con drenaje.<\/a><\/li>\n<\/ul>\n<ul style=\"padding-left: 30px;\">\n<li class=\"lista1\"><a title=\"Esquema Contador General y Contra Incendios misma Hornacina\" href=\"http:\/\/fuengirola.gestagua.es\/wp-content\/uploads\/2017\/06\/Esquema-Contador-General-y-Contra-Incendios-misma-Hornacina.pdf\" target=\"_blank\" rel=\"noopener\">Esquema Contador General y Contra Incendios misma Hornacina.<\/a><\/li>\n<\/ul>\n","protected":false},"excerpt":{"rendered":"<p>En esta secci\u00f3n podr\u00e1 encontrar informaci\u00f3n sobre la normativa aplicable al Servicio de Abastecimiento y Saneamiento de Fuengirola. Decreto 120\/91 de 11 de Junio, Reglamento de Suministro Domiciliario de Agua de Andaluc\u00eda. Decreto 327\/2012, de 10 de julio, por el que se modifican diversos Decretos para su adaptaci\u00f3n a la normativa estatal de transposici\u00f3n de [&hellip;]<\/p>\n","protected":false},"author":2,"featured_media":0,"parent":0,"menu_order":0,"comment_status":"open","ping_status":"closed","template":"","meta":[],"_links":{"self":[{"href":"https:\/\/fuengirola.gestagua.es\/index.php\/wp-json\/wp\/v2\/pages\/152"}],"collection":[{"href":"https:\/\/fuengirola.gestagua.es\/index.php\/wp-json\/wp\/v2\/pages"}],"about":[{"href":"https:\/\/fuengirola.gestagua.es\/index.php\/wp-json\/wp\/v2\/types\/page"}],"author":[{"embeddable":true,"href":"https:\/\/fuengirola.gestagua.es\/index.php\/wp-json\/wp\/v2\/users\/2"}],"replies":[{"embeddable":true,"href":"https:\/\/fuengirola.gestagua.es\/index.php\/wp-json\/wp\/v2\/comments?post=152"}],"version-history":[{"count":22,"href":"https:\/\/fuengirola.gestagua.es\/index.php\/wp-json\/wp\/v2\/pages\/152\/revisions"}],"predecessor-version":[{"id":742,"href":"https:\/\/fuengirola.gestagua.es\/index.php\/wp-json\/wp\/v2\/pages\/152\/revisions\/742"}],"wp:attachment":[{"href":"https:\/\/fuengirola.gestagua.es\/index.php\/wp-json\/wp\/v2\/media?parent=152"}],"curies":[{"name":"wp","href":"https:\/\/api.w.org\/{rel}","templated":true}]}}