{"id":135,"date":"2013-10-01T12:16:12","date_gmt":"2013-10-01T12:16:12","guid":{"rendered":"http:\/\/villarrobledo.gestagua.es\/?page_id=135"},"modified":"2014-10-14T14:49:37","modified_gmt":"2014-10-14T13:49:37","slug":"comunicacion","status":"publish","type":"page","link":"https:\/\/fuengirola.gestagua.es\/index.php\/comunicacion\/","title":{"rendered":"Comunicaci\u00f3n"},"content":{"rendered":"<p style=\"text-align: justify;\">Gestagua ha realizado diversas campa\u00f1as de concienciaci\u00f3n y conocimiento a nivel escolar, adaptadas en materia y sistema en funci\u00f3n de los receptores de dichas campa\u00f1as, ya que el futuro del agua depende de todos. Estamos seguros de que la concienciaci\u00f3n es un aspecto clave que debe inculcarse desde la infancia, donde se siembre la semilla de preocupaci\u00f3n por un desarrollo sostenible.<\/p>\n<p style=\"text-align: justify;\">En colaboraci\u00f3n con la concejal\u00eda de Educaci\u00f3n, Gestagua desarrolla campa\u00f1as divulgativas en centros escolares del municipio, en las que adem\u00e1s de conocimientos y preocupaciones, se aporta material did\u00e1ctico y educativo a los participantes, quienes posteriormente trasladan a sus hogares las inquietudes y h\u00e1bitos que nos permitan disponer de recursos suficientes y adecuados en el futuro.<\/p>\n<p style=\"text-align: justify;\">Igualmente y junto a la peri\u00f3dica comunicaci\u00f3n del servicio, los usuarios reciben distintas informaciones de campa\u00f1as de sensibilizaci\u00f3n que nos conciencie de la escasez de este bien que nos da la vida, EL AGUA.<\/p>\n<div class=\"theme-one-third\">\r\n\t\t<div class=\"flexslider flexslider-posts-slider  images-slider\" id=\"flexslider-posts-slider-1827\">\r\n\t\t\t<ul class=\"slides\">\r\n\t\t\t\t<li><article class=\"post link left post-slider\">\r\n\t\t\t\t<header>\r\n\t\t\t\t\t<a href=\"https:\/\/fuengirola.gestagua.es\/index.php\/como-podemos-ahorrar-agua\/\" title=\"\u00bfC\u00f3mo Podemos Ahorrar Agua?\">\u00bfC\u00f3mo Podemos Ahorrar Agua?<\/a>\r\n\t\t\t\t<\/header>\r\n\t\t\t\t<footer>\r\n\t\t\t\t\t<div class=\"post-helper-absolute\">\r\n\t\t\t\t\t\t<div class=\"post-day-aside\">\r\n\t\t\t\t\t\t\t<span>01<\/span>\r\n\t\t\t\t\t\t<\/div>\r\n\t\t\t\t\t\t<div class=\"post-month-aside\">\r\n\t\t\t\t\t\t\t<span>Jun, 2014<\/span>\r\n\t\t\t\t\t\t<\/div>\r\n\t\t\t\t\t<\/div>\r\n\t\t\t\t\t<div class=\"post-author inline\">\r\n\t\t\t\t\t\tBy\r\n\t\t\t\t\t\t<span>\r\n\t\t\t\t\t\t\tGestagua\r\n\t\t\t\t\t\t<\/span>\r\n\t\t\t\t\t<\/div>\r\n\t\t\t\t\t<div class=\"post-category\">\r\n\t\t\t\t\t\t<span>\r\n\t\t\t\t\t\t\t<a href=\"https:\/\/fuengirola.gestagua.es\/index.php\/category\/campanas-de-sensibilizacion\/\" rel=\"category tag\">Campa\u00f1as de Sensibilizaci\u00f3n<\/a>\r\n\t\t\t\t\t\t<\/span>\r\n\t\t\t\t\t<\/div>\r\n\t\t\t\t\t<div class=\"post-comments inline\">\r\n\t\t\t\t\t\t<span><a href=\"https:\/\/fuengirola.gestagua.es\/index.php\/como-podemos-ahorrar-agua\/#comments\">Sin comentarios<\/a><\/span>\r\n\t\t\t\t\t<\/div>\r\n\t\t\t\t<\/footer><\/article><\/li><li><article class=\"post link left post-slider\">\r\n\t\t\t\t<header>\r\n\t\t\t\t\t<a href=\"https:\/\/fuengirola.gestagua.es\/index.php\/ciclo-integral-del-agua\/\" title=\"Ciclo integral del agua\">Ciclo integral del agua<\/a>\r\n\t\t\t\t<\/header>\r\n\t\t\t\t<footer>\r\n\t\t\t\t\t<div class=\"post-helper-absolute\">\r\n\t\t\t\t\t\t<div class=\"post-day-aside\">\r\n\t\t\t\t\t\t\t<span>20<\/span>\r\n\t\t\t\t\t\t<\/div>\r\n\t\t\t\t\t\t<div class=\"post-month-aside\">\r\n\t\t\t\t\t\t\t<span>Dic, 2012<\/span>\r\n\t\t\t\t\t\t<\/div>\r\n\t\t\t\t\t<\/div>\r\n\t\t\t\t\t<div class=\"post-author inline\">\r\n\t\t\t\t\t\tBy\r\n\t\t\t\t\t\t<span>\r\n\t\t\t\t\t\t\tGestagua\r\n\t\t\t\t\t\t<\/span>\r\n\t\t\t\t\t<\/div>\r\n\t\t\t\t\t<div class=\"post-category\">\r\n\t\t\t\t\t\t<span>\r\n\t\t\t\t\t\t\t<a href=\"https:\/\/fuengirola.gestagua.es\/index.php\/category\/campanas-de-sensibilizacion\/\" rel=\"category tag\">Campa\u00f1as de Sensibilizaci\u00f3n<\/a>\r\n\t\t\t\t\t\t<\/span>\r\n\t\t\t\t\t<\/div>\r\n\t\t\t\t\t<div class=\"post-comments inline\">\r\n\t\t\t\t\t\t<span><a href=\"https:\/\/fuengirola.gestagua.es\/index.php\/ciclo-integral-del-agua\/#comments\">Sin comentarios<\/a><\/span>\r\n\t\t\t\t\t<\/div>\r\n\t\t\t\t<\/footer><\/article><\/li>\r\n\t\t\t<\/ul>\r\n\t\t<\/div>\r\n\t\t<script type=\"text\/javascript\">\r\n\t\t\tjQuery(document).ready(function() {\r\n\t\t\t  jQuery(\"#flexslider-posts-slider-1827\").flexslider({\r\n\t\t\t\tanimation: \"slide\",\r\n\t\t\t\tcontrolNav: false,\r\n\t\t\t\tautoplay: false,\r\n\t\t\t\tprevText: \"Left\",\r\n\t\t\t\tnextText: \"Right\"\r\n\t\t\t  });\r\n\t\t\t});\r\n\t\t<\/script><\/div><div class=\"theme-one-third\">\r\n\t\t<div class=\"flexslider flexslider-posts-slider  images-slider\" id=\"flexslider-posts-slider-15\">\r\n\t\t\t<ul class=\"slides\">\r\n\t\t\t\t<li><article class=\"post link left post-slider\">\r\n\t\t\t\t<header>\r\n\t\t\t\t\t<a href=\"https:\/\/fuengirola.gestagua.es\/index.php\/navidad-2014\/\" title=\"Navidad 2014\">Navidad 2014<\/a>\r\n\t\t\t\t<\/header>\r\n\t\t\t\t<footer>\r\n\t\t\t\t\t<div class=\"post-helper-absolute\">\r\n\t\t\t\t\t\t<div class=\"post-day-aside\">\r\n\t\t\t\t\t\t\t<span>14<\/span>\r\n\t\t\t\t\t\t<\/div>\r\n\t\t\t\t\t\t<div class=\"post-month-aside\">\r\n\t\t\t\t\t\t\t<span>Sep, 2014<\/span>\r\n\t\t\t\t\t\t<\/div>\r\n\t\t\t\t\t<\/div>\r\n\t\t\t\t\t<div class=\"post-author inline\">\r\n\t\t\t\t\t\tBy\r\n\t\t\t\t\t\t<span>\r\n\t\t\t\t\t\t\tGestagua\r\n\t\t\t\t\t\t<\/span>\r\n\t\t\t\t\t<\/div>\r\n\t\t\t\t\t<div class=\"post-category\">\r\n\t\t\t\t\t\t<span>\r\n\t\t\t\t\t\t\t<a href=\"https:\/\/fuengirola.gestagua.es\/index.php\/category\/navidad\/\" rel=\"category tag\">Campa\u00f1as de Navidad<\/a>\r\n\t\t\t\t\t\t<\/span>\r\n\t\t\t\t\t<\/div>\r\n\t\t\t\t\t<div class=\"post-comments inline\">\r\n\t\t\t\t\t\t<span><a href=\"https:\/\/fuengirola.gestagua.es\/index.php\/navidad-2014\/#comments\">Sin comentarios<\/a><\/span>\r\n\t\t\t\t\t<\/div>\r\n\t\t\t\t<\/footer><\/article><\/li><li><article class=\"post link left post-slider\">\r\n\t\t\t\t<header>\r\n\t\t\t\t\t<a href=\"https:\/\/fuengirola.gestagua.es\/index.php\/navidad-2013-2\/\" title=\"Navidad 2013\">Navidad 2013<\/a>\r\n\t\t\t\t<\/header>\r\n\t\t\t\t<footer>\r\n\t\t\t\t\t<div class=\"post-helper-absolute\">\r\n\t\t\t\t\t\t<div class=\"post-day-aside\">\r\n\t\t\t\t\t\t\t<span>15<\/span>\r\n\t\t\t\t\t\t<\/div>\r\n\t\t\t\t\t\t<div class=\"post-month-aside\">\r\n\t\t\t\t\t\t\t<span>Nov, 2013<\/span>\r\n\t\t\t\t\t\t<\/div>\r\n\t\t\t\t\t<\/div>\r\n\t\t\t\t\t<div class=\"post-author inline\">\r\n\t\t\t\t\t\tBy\r\n\t\t\t\t\t\t<span>\r\n\t\t\t\t\t\t\tGestagua\r\n\t\t\t\t\t\t<\/span>\r\n\t\t\t\t\t<\/div>\r\n\t\t\t\t\t<div class=\"post-category\">\r\n\t\t\t\t\t\t<span>\r\n\t\t\t\t\t\t\t<a href=\"https:\/\/fuengirola.gestagua.es\/index.php\/category\/navidad\/\" rel=\"category tag\">Campa\u00f1as de Navidad<\/a>\r\n\t\t\t\t\t\t<\/span>\r\n\t\t\t\t\t<\/div>\r\n\t\t\t\t\t<div class=\"post-comments inline\">\r\n\t\t\t\t\t\t<span><a href=\"https:\/\/fuengirola.gestagua.es\/index.php\/navidad-2013-2\/#comments\">Sin comentarios<\/a><\/span>\r\n\t\t\t\t\t<\/div>\r\n\t\t\t\t<\/footer><\/article><\/li><li><article class=\"post link left post-slider\">\r\n\t\t\t\t<header>\r\n\t\t\t\t\t<a href=\"https:\/\/fuengirola.gestagua.es\/index.php\/navidad-2012\/\" title=\"Navidad 2012\">Navidad 2012<\/a>\r\n\t\t\t\t<\/header>\r\n\t\t\t\t<footer>\r\n\t\t\t\t\t<div class=\"post-helper-absolute\">\r\n\t\t\t\t\t\t<div class=\"post-day-aside\">\r\n\t\t\t\t\t\t\t<span>01<\/span>\r\n\t\t\t\t\t\t<\/div>\r\n\t\t\t\t\t\t<div class=\"post-month-aside\">\r\n\t\t\t\t\t\t\t<span>Nov, 2012<\/span>\r\n\t\t\t\t\t\t<\/div>\r\n\t\t\t\t\t<\/div>\r\n\t\t\t\t\t<div class=\"post-author inline\">\r\n\t\t\t\t\t\tBy\r\n\t\t\t\t\t\t<span>\r\n\t\t\t\t\t\t\tGestagua\r\n\t\t\t\t\t\t<\/span>\r\n\t\t\t\t\t<\/div>\r\n\t\t\t\t\t<div class=\"post-category\">\r\n\t\t\t\t\t\t<span>\r\n\t\t\t\t\t\t\t<a href=\"https:\/\/fuengirola.gestagua.es\/index.php\/category\/navidad\/\" rel=\"category tag\">Campa\u00f1as de Navidad<\/a>\r\n\t\t\t\t\t\t<\/span>\r\n\t\t\t\t\t<\/div>\r\n\t\t\t\t\t<div class=\"post-comments inline\">\r\n\t\t\t\t\t\t<span><a href=\"https:\/\/fuengirola.gestagua.es\/index.php\/navidad-2012\/#comments\">Sin comentarios<\/a><\/span>\r\n\t\t\t\t\t<\/div>\r\n\t\t\t\t<\/footer><\/article><\/li>\r\n\t\t\t<\/ul>\r\n\t\t<\/div>\r\n\t\t<script type=\"text\/javascript\">\r\n\t\t\tjQuery(document).ready(function() {\r\n\t\t\t  jQuery(\"#flexslider-posts-slider-15\").flexslider({\r\n\t\t\t\tanimation: \"slide\",\r\n\t\t\t\tcontrolNav: false,\r\n\t\t\t\tautoplay: false,\r\n\t\t\t\tprevText: \"Left\",\r\n\t\t\t\tnextText: \"Right\"\r\n\t\t\t  });\r\n\t\t\t});\r\n\t\t<\/script><\/div><div class=\"theme-one-third theme-column-last\">\r\n\t\t<div class=\"flexslider flexslider-posts-slider  images-slider\" id=\"flexslider-posts-slider-4158\">\r\n\t\t\t<ul class=\"slides\">\r\n\t\t\t\t<li><article class=\"post link left post-slider\">\r\n\t\t\t\t<header>\r\n\t\t\t\t\t<a href=\"https:\/\/fuengirola.gestagua.es\/index.php\/campanas-educativas\/\" title=\"Campa\u00f1as educativas\">Campa\u00f1as educativas<\/a>\r\n\t\t\t\t<\/header>\r\n\t\t\t\t<footer>\r\n\t\t\t\t\t<div class=\"post-helper-absolute\">\r\n\t\t\t\t\t\t<div class=\"post-day-aside\">\r\n\t\t\t\t\t\t\t<span>14<\/span>\r\n\t\t\t\t\t\t<\/div>\r\n\t\t\t\t\t\t<div class=\"post-month-aside\">\r\n\t\t\t\t\t\t\t<span>May, 2007<\/span>\r\n\t\t\t\t\t\t<\/div>\r\n\t\t\t\t\t<\/div>\r\n\t\t\t\t\t<div class=\"post-author inline\">\r\n\t\t\t\t\t\tBy\r\n\t\t\t\t\t\t<span>\r\n\t\t\t\t\t\t\tGestagua\r\n\t\t\t\t\t\t<\/span>\r\n\t\t\t\t\t<\/div>\r\n\t\t\t\t\t<div class=\"post-category\">\r\n\t\t\t\t\t\t<span>\r\n\t\t\t\t\t\t\t<a href=\"https:\/\/fuengirola.gestagua.es\/index.php\/category\/educacion\/\" rel=\"category tag\">Campa\u00f1as Educativas<\/a>\r\n\t\t\t\t\t\t<\/span>\r\n\t\t\t\t\t<\/div>\r\n\t\t\t\t\t<div class=\"post-comments inline\">\r\n\t\t\t\t\t\t<span><a href=\"https:\/\/fuengirola.gestagua.es\/index.php\/campanas-educativas\/#comments\">Sin comentarios<\/a><\/span>\r\n\t\t\t\t\t<\/div>\r\n\t\t\t\t<\/footer><\/article><\/li>\r\n\t\t\t<\/ul>\r\n\t\t<\/div>\r\n\t\t<script type=\"text\/javascript\">\r\n\t\t\tjQuery(document).ready(function() {\r\n\t\t\t  jQuery(\"#flexslider-posts-slider-4158\").flexslider({\r\n\t\t\t\tanimation: \"slide\",\r\n\t\t\t\tcontrolNav: false,\r\n\t\t\t\tautoplay: false,\r\n\t\t\t\tprevText: \"Left\",\r\n\t\t\t\tnextText: \"Right\"\r\n\t\t\t  });\r\n\t\t\t});\r\n\t\t<\/script><\/div><div class=\"clear\"><\/div>","protected":false},"excerpt":{"rendered":"<p>Gestagua ha realizado diversas campa\u00f1as de concienciaci\u00f3n y conocimiento a nivel escolar, adaptadas en materia y sistema en funci\u00f3n de los receptores de dichas campa\u00f1as, ya que el futuro del agua depende de todos. Estamos seguros de que la concienciaci\u00f3n es un aspecto clave que debe inculcarse desde la infancia, donde se siembre la semilla [&hellip;]<\/p>\n","protected":false},"author":2,"featured_media":0,"parent":0,"menu_order":0,"comment_status":"open","ping_status":"closed","template":"","meta":[],"_links":{"self":[{"href":"https:\/\/fuengirola.gestagua.es\/index.php\/wp-json\/wp\/v2\/pages\/135"}],"collection":[{"href":"https:\/\/fuengirola.gestagua.es\/index.php\/wp-json\/wp\/v2\/pages"}],"about":[{"href":"https:\/\/fuengirola.gestagua.es\/index.php\/wp-json\/wp\/v2\/types\/page"}],"author":[{"embeddable":true,"href":"https:\/\/fuengirola.gestagua.es\/index.php\/wp-json\/wp\/v2\/users\/2"}],"replies":[{"embeddable":true,"href":"https:\/\/fuengirola.gestagua.es\/index.php\/wp-json\/wp\/v2\/comments?post=135"}],"version-history":[{"count":2,"href":"https:\/\/fuengirola.gestagua.es\/index.php\/wp-json\/wp\/v2\/pages\/135\/revisions"}],"predecessor-version":[{"id":371,"href":"https:\/\/fuengirola.gestagua.es\/index.php\/wp-json\/wp\/v2\/pages\/135\/revisions\/371"}],"wp:attachment":[{"href":"https:\/\/fuengirola.gestagua.es\/index.php\/wp-json\/wp\/v2\/media?parent=135"}],"curies":[{"name":"wp","href":"https:\/\/api.w.org\/{rel}","templated":true}]}}