{"id":109,"date":"2013-10-01T07:53:16","date_gmt":"2013-10-01T07:53:16","guid":{"rendered":"http:\/\/villarrobledo.gestagua.es\/?page_id=109"},"modified":"2018-03-22T15:36:37","modified_gmt":"2018-03-22T14:36:37","slug":"oficina-virtual","status":"publish","type":"page","link":"https:\/\/fuengirola.gestagua.es\/index.php\/oficina-virtual\/","title":{"rendered":"Oficina Virtual"},"content":{"rendered":"[vc_row][vc_column][vc_column_text]\n<h6><div class=\"purchase-plate\">\r\n                    <h5 class=\"purchase-plate_header\">OFICINA VIRTUAL<\/h5>\r\n                    <span class=\"purchase-plate_text\">PARA SU MAYOR COMODIDAD PUEDE ACCEDER DESDE AQU\u00cd A SU OFICINA VIRTUAL<\/span>\r\n                    <a class=\"purchase-plate_button sc-button-hover\" target=\"_blank\" href=\"https:\/\/azul.gestagua.es\/clientes\/\" data-background-hover=\"#FFFF00\" style=\" background-color:#3170bb;\"><span>OFICINA VIRTUAL<\/span><\/a>\r\n                <\/div><\/h6>\n<h3>ATENCI\u00d3N PERSONALIZADA<\/h3>\n<p>Desde nuestra oficina virtual nuestros clientes pueden solicitar el alta de un nuevo contrato, verificar sus datos de cliente, descargar una copia de su contrato, abonar sus facturas pendientes, comprobar los datos de consumos, las reclamaciones e introducir la lectura de su contador. Tambi\u00e9n podr\u00e1 cambiar datos personales como el tel\u00e9fono, su mail, Idioma de las notificaciones, clave de acceso, as\u00ed como\u00a0podr\u00e1 solicitar la baja de servicio simulando\u00a0su factura de baja, introduciendo la lectura en ese momento de su contador.[\/vc_column_text][\/vc_column][\/vc_row]\n","protected":false},"excerpt":{"rendered":"<p>[vc_row][vc_column][vc_column_text] ATENCI\u00d3N PERSONALIZADA Desde nuestra oficina virtual nuestros clientes pueden solicitar el alta de un nuevo contrato, verificar sus datos de cliente, descargar una copia de su contrato, abonar sus facturas pendientes, comprobar los datos de consumos, las reclamaciones e introducir la lectura de su contador. Tambi\u00e9n podr\u00e1 cambiar datos personales como el tel\u00e9fono, su [&hellip;]<\/p>\n","protected":false},"author":2,"featured_media":0,"parent":0,"menu_order":0,"comment_status":"open","ping_status":"closed","template":"","meta":[],"_links":{"self":[{"href":"https:\/\/fuengirola.gestagua.es\/index.php\/wp-json\/wp\/v2\/pages\/109"}],"collection":[{"href":"https:\/\/fuengirola.gestagua.es\/index.php\/wp-json\/wp\/v2\/pages"}],"about":[{"href":"https:\/\/fuengirola.gestagua.es\/index.php\/wp-json\/wp\/v2\/types\/page"}],"author":[{"embeddable":true,"href":"https:\/\/fuengirola.gestagua.es\/index.php\/wp-json\/wp\/v2\/users\/2"}],"replies":[{"embeddable":true,"href":"https:\/\/fuengirola.gestagua.es\/index.php\/wp-json\/wp\/v2\/comments?post=109"}],"version-history":[{"count":6,"href":"https:\/\/fuengirola.gestagua.es\/index.php\/wp-json\/wp\/v2\/pages\/109\/revisions"}],"predecessor-version":[{"id":766,"href":"https:\/\/fuengirola.gestagua.es\/index.php\/wp-json\/wp\/v2\/pages\/109\/revisions\/766"}],"wp:attachment":[{"href":"https:\/\/fuengirola.gestagua.es\/index.php\/wp-json\/wp\/v2\/media?parent=109"}],"curies":[{"name":"wp","href":"https:\/\/api.w.org\/{rel}","templated":true}]}}